{"id":365,"date":"2016-05-30T11:49:31","date_gmt":"2016-05-30T09:49:31","guid":{"rendered":"http:\/\/bychowo.com.pl\/?page_id=365&#038;lang=en"},"modified":"2016-05-30T11:50:13","modified_gmt":"2016-05-30T09:50:13","slug":"location","status":"publish","type":"page","link":"https:\/\/bychowo.pl\/en\/location\/","title":{"rendered":"Location"},"content":{"rendered":"\n     \n     <section  class=\"ux-section\" style=\"padding:60px 0;margin-bottom:0px!important;\">  \n      \n      \n     <div class=\"ux-section-content\">\n<p><iframe loading=\"lazy\" style=\"border: 0;\" src=\"https:\/\/www.google.com\/maps\/embed?pb=!1m18!1m12!1m3!1d73701.22428614079!2d17.907466237173953!3d54.7419315714135!2m3!1f0!2f0!3f0!3m2!1i1024!2i768!4f13.1!3m3!1m2!1s0x0000000000000000%3A0x454766aa56716f16!2sDw%C3%B3r+w+Bychowie!5e0!3m2!1spl!2spl!4v1462773993454\" width=\"100%\" height=\"550\" frameborder=\"0\" allowfullscreen=\"allowfullscreen\"><\/iframe><\/p>\n<\/div>\n      \n        <\/section><!-- .ux-section -->\n\n  \n<h1 class=\"tytul\">Location<\/h1>\n<div style=\"display:block;height:30px\" class=\"clearfix\"><\/div>\n\t<div  class=\"row container rzadek\">\n<div class=\"small-12   srodek large-12  columns   \"  ><div class=\"column-inner\"  >\n<h3 class=\"uppercase thin-font\" style=\"text-align: center;\"><span style=\"color: #e14d43;\">Jak dojecha\u0107?<\/span><\/h3>\n<div class=\"mydivider\"><\/div>\n<p>Hotel Dwor is located in Bychowo lying on the S\u0142owi\u0144ski Sea Coast situated west of Lake \u017barnowiecki, 10 km from the sea approximately 1 hour from Gdansk. The pretty historical mansion is surrounded by a five and a half-hectare park in which are located the beautiful Alley Grabowa and many of monuments of nature &#8211; in their midst a four hundred and fifty year-old oak. The Bychowska Stream flows through the park.<\/p>\n<\/div><\/div>\n<\/div>\n  \n","protected":false},"excerpt":{"rendered":"<p>Location<\/p>\n","protected":false},"author":1,"featured_media":0,"parent":0,"menu_order":0,"comment_status":"closed","ping_status":"closed","template":"page-boxed-header.php","meta":[],"_links":{"self":[{"href":"https:\/\/bychowo.pl\/en\/wp-json\/wp\/v2\/pages\/365"}],"collection":[{"href":"https:\/\/bychowo.pl\/en\/wp-json\/wp\/v2\/pages"}],"about":[{"href":"https:\/\/bychowo.pl\/en\/wp-json\/wp\/v2\/types\/page"}],"author":[{"embeddable":true,"href":"https:\/\/bychowo.pl\/en\/wp-json\/wp\/v2\/users\/1"}],"replies":[{"embeddable":true,"href":"https:\/\/bychowo.pl\/en\/wp-json\/wp\/v2\/comments?post=365"}],"version-history":[{"count":3,"href":"https:\/\/bychowo.pl\/en\/wp-json\/wp\/v2\/pages\/365\/revisions"}],"predecessor-version":[{"id":368,"href":"https:\/\/bychowo.pl\/en\/wp-json\/wp\/v2\/pages\/365\/revisions\/368"}],"wp:attachment":[{"href":"https:\/\/bychowo.pl\/en\/wp-json\/wp\/v2\/media?parent=365"}],"curies":[{"name":"wp","href":"https:\/\/api.w.org\/{rel}","templated":true}]}}