{"id":386,"date":"2016-05-30T12:24:44","date_gmt":"2016-05-30T10:24:44","guid":{"rendered":"http:\/\/bychowo.com.pl\/?page_id=386&#038;lang=de"},"modified":"2023-11-17T11:19:52","modified_gmt":"2023-11-17T10:19:52","slug":"sommerferien","status":"publish","type":"page","link":"https:\/\/bychowo.pl\/de\/sommerferien\/","title":{"rendered":"Sommerferien"},"content":{"rendered":"<div class=\"ux-img-container \"><img src=\"https:\/\/bychowo.pl\/wp-content\/uploads\/2016\/05\/header6-1600x550.jpg\" alt=\"\" title=\"\" style=\"bottom:-0px\"\/><\/div>\n<h1 class=\"tytul\">Sommerferien<\/h1>\n<div style=\"display:block;height:30px\" class=\"clearfix\"><\/div>\n\t<div  class=\"row container rzadek \">\n<div class=\"small-12   srodek large-12  columns   \"  ><div class=\"column-inner\"  >\n<h3 class=\"thin-font uppercase\" style=\"text-align: center;\">Naturlandschaft mit Seen und Meer \u2013 wir laden sie zu wundersch\u00f6nen Ferien in Bychowo ein!<\/h3>\n<div class=\"mydivider\"><\/div>\n<h4>Preis pro Person f\u00fcr sechs N\u00e4chte<\/h4>\n<table>\n<tbody>\n<tr>\n<td><b>Zimmer<\/b><\/td>\n<td><b>Preis f\u00fcr 6 Nachte mit Fr\u00fchst\u00fcck<\/b><\/td>\n<\/tr>\n<tr>\n<td>Doppelzimmer<\/td>\n<td>1050 PLN<\/td>\n<\/tr>\n<tr>\n<td>Doppelzimmer mit Terrasse<\/td>\n<td>1095 PLN<\/td>\n<\/tr>\n<tr>\n<td>Dreibettzimmer (zwei Schlafzimmer)<\/td>\n<td>960 PLN<\/td>\n<\/tr>\n<tr>\n<td>Vierbettzimmer (zwei Schlafzimmer)<\/td>\n<td>855 PLN<\/td>\n<\/tr>\n<tr>\n<td>Superior Deluxe Doppelzimmer<\/td>\n<td>1140 PLN<\/td>\n<\/tr>\n<\/tbody>\n<\/table>\n<p>Im Preis enthalten: 6 \u00dcbernachtungen, kostenlose Zugang zum Internet auf dem Zimmer, freie Nutzung von Mountainbikes, Tischtennis, Billard, Volleyball und Badminton.<\/p>\n<p>Kurtaxe 1 PLN pro Tag und Person<br \/>\nEntgelt f\u00fcr Hund 15 zl pro Tag<br \/>\nKindererm\u00e4\u00dfigung bis 8 Jahre 30%<\/p>\n<\/div><\/div>\n<\/div>\n  \n","protected":false},"excerpt":{"rendered":"<p>Sommerferien<\/p>\n","protected":false},"author":1,"featured_media":0,"parent":0,"menu_order":0,"comment_status":"closed","ping_status":"closed","template":"page-boxed-header.php","meta":[],"_links":{"self":[{"href":"https:\/\/bychowo.pl\/de\/wp-json\/wp\/v2\/pages\/386"}],"collection":[{"href":"https:\/\/bychowo.pl\/de\/wp-json\/wp\/v2\/pages"}],"about":[{"href":"https:\/\/bychowo.pl\/de\/wp-json\/wp\/v2\/types\/page"}],"author":[{"embeddable":true,"href":"https:\/\/bychowo.pl\/de\/wp-json\/wp\/v2\/users\/1"}],"replies":[{"embeddable":true,"href":"https:\/\/bychowo.pl\/de\/wp-json\/wp\/v2\/comments?post=386"}],"version-history":[{"count":17,"href":"https:\/\/bychowo.pl\/de\/wp-json\/wp\/v2\/pages\/386\/revisions"}],"predecessor-version":[{"id":1002,"href":"https:\/\/bychowo.pl\/de\/wp-json\/wp\/v2\/pages\/386\/revisions\/1002"}],"wp:attachment":[{"href":"https:\/\/bychowo.pl\/de\/wp-json\/wp\/v2\/media?parent=386"}],"curies":[{"name":"wp","href":"https:\/\/api.w.org\/{rel}","templated":true}]}}