{"id":380,"date":"2016-05-30T12:12:51","date_gmt":"2016-05-30T10:12:51","guid":{"rendered":"http:\/\/bychowo.com.pl\/?page_id=380&#038;lang=de"},"modified":"2023-01-06T12:11:51","modified_gmt":"2023-01-06T11:11:51","slug":"restaurant","status":"publish","type":"page","link":"https:\/\/bychowo.pl\/de\/restaurant\/","title":{"rendered":"Restaurant"},"content":{"rendered":"<div class=\"ux-img-container \"><img src=\"https:\/\/bychowo.pl\/wp-content\/uploads\/2016\/05\/header6-1600x550.jpg\" alt=\"\" title=\"\" style=\"bottom:-0px\"\/><\/div>\n<h1 class=\"tytul\">Restaurant<\/h1>\n<div style=\"display:block;height:30px\" class=\"clearfix\"><\/div>\n\t<div  class=\"row container rzadek \">\n<div class=\"small-12   srodek large-12  columns   \"  ><div class=\"column-inner\"  >\n<h3 class=\"thin-font uppercase\" style=\"text-align: center;\">In unserem Restaurant bitten wir gesunde und schmackhafte Mahlzeiten<\/h3>\n<div class=\"mydivider\"><\/div>\n<p>In unserem haus verf\u00fcgen wir \u00fcber ein Restaurant f\u00fcr 60 Personen, Nachtklub und Bar.<\/p>\n<p>In unseren Karte finden sie sowohl Polnische als auch Internationale-k\u00fcche. Bei der Auswahl unserer Rohstoffe legen wir gro\u00dfen Wert auf Frische und nart\u00fcrliche Qualit\u00e4t. Das k\u00f6nnen wir garantieren, da wir unseren Bedarf an Fleisch und Gem\u00fcse in gro\u00dfen Ma\u00dfen aus eigenen Landwirtschaft beziehen. Dort werden die Tiere artgerecht gehalten und mit Futter aus biologischem Anbau versorgt. Wir verf\u00fcgen \u00fcber eine eigene R\u00e4ucherei und einen Brotofen, wo das Brot auf traditonelle Weise gebacken wird.<\/p>\n<p>F\u00fcr ihr Wohlbefinden sorgt neben der K\u00fcche auch die Leifmusik am Klavir.<\/p>\n<p>Das Restaurant ist ieden Tag zwischen 13.00 und 20.00 Uhr ge\u00f6ffnet. Im Sommer richten wir uns nach den G\u00e4sten.<\/p>\n<p style=\"text-align: center;\"><em>W7. Wurstprodukte beziehen wir von:<\/em><br \/>\n<a href=\"http:\/\/bychowskiewedliny.pl\"><img decoding=\"async\" class=\"aligncenter\" src=\"http:\/\/bychowskiewedliny.pl\/wp-content\/uploads\/2016\/03\/logo.png\" \/><\/a><\/p>\n<\/div><\/div>\n<\/div>\n  \n","protected":false},"excerpt":{"rendered":"<p>Restaurant<\/p>\n","protected":false},"author":1,"featured_media":0,"parent":0,"menu_order":0,"comment_status":"closed","ping_status":"closed","template":"page-boxed-header.php","meta":[],"_links":{"self":[{"href":"https:\/\/bychowo.pl\/de\/wp-json\/wp\/v2\/pages\/380"}],"collection":[{"href":"https:\/\/bychowo.pl\/de\/wp-json\/wp\/v2\/pages"}],"about":[{"href":"https:\/\/bychowo.pl\/de\/wp-json\/wp\/v2\/types\/page"}],"author":[{"embeddable":true,"href":"https:\/\/bychowo.pl\/de\/wp-json\/wp\/v2\/users\/1"}],"replies":[{"embeddable":true,"href":"https:\/\/bychowo.pl\/de\/wp-json\/wp\/v2\/comments?post=380"}],"version-history":[{"count":6,"href":"https:\/\/bychowo.pl\/de\/wp-json\/wp\/v2\/pages\/380\/revisions"}],"predecessor-version":[{"id":856,"href":"https:\/\/bychowo.pl\/de\/wp-json\/wp\/v2\/pages\/380\/revisions\/856"}],"wp:attachment":[{"href":"https:\/\/bychowo.pl\/de\/wp-json\/wp\/v2\/media?parent=380"}],"curies":[{"name":"wp","href":"https:\/\/api.w.org\/{rel}","templated":true}]}}