{"id":351,"date":"2016-05-30T10:40:07","date_gmt":"2016-05-30T08:40:07","guid":{"rendered":"http:\/\/bychowo.com.pl\/?page_id=351&#038;lang=de"},"modified":"2016-06-25T06:01:13","modified_gmt":"2016-06-25T04:01:13","slug":"geschichte","status":"publish","type":"page","link":"https:\/\/bychowo.pl\/de\/geschichte\/","title":{"rendered":"GESCHICHTE"},"content":{"rendered":"<div class=\"ux-img-container \"><img src=\"https:\/\/bychowo.pl\/wp-content\/uploads\/2016\/05\/header2-1600x550.jpg\" alt=\"\" title=\"\" style=\"bottom:-0px\"\/><\/div>\n<h1 class=\"tytul\">GESCHICHTE<\/h1>\n<div style=\"display:block;height:30px\" class=\"clearfix\"><\/div>\n\t<div  class=\"row container rzadek \">\n<div class=\"small-12   srodek large-12  columns   \"  ><div class=\"column-inner\"  >\n<h3 class=\"thin-font uppercase\" style=\"text-align: center;\">Das Haus  hat lange und Ereignisreiche Geschichte die  Wir auf unsere Seite in Kurzform zum Nachlesen bereit f\u00fcr Sie bereit stellen<\/h3>\n<div class=\"mydivider\"><\/div>\n<p>Die erste Schriftlichten Nachweise \u00fcber Bychowo findet man im Jahre 1377. Zu dieser Zeit war Herr Reczke der Besitzer. Der Name Bychow f\u00fcr die L\u00e4ndereien wurde von dem durchfissenden Bach abgeleitet.<\/p>\n<p>Sp\u00e4ter wurde der Name auch von dem Besitzer \u00fcbernommen. Ab dem XVI Jahrhundet bafand sich Bychow im Besitz der pommerischen Familie von Bychow. Das erste Herrenhaus entstand Ende XVI oder Anfang XVII. Die derzeitige Form erhiltdas Haus in der zweiten Helfte XIX.<\/p>\n<p>In dem II Weltkrig besch\u00e4dig, in der Nachkrigszeit ruiniert. Der jetzige Besitzer Wladyslaw Brzozowski das Haus im Jahre 1986.<\/p>\n<p>Das Haus musste fast vollkommen nen unfgebaut werden. Die Rekonstruktion erfolgte auf Grund Fotodokumentation, die von den ehemaligen Besitzer, Familie von Bychow, bereit gestellt wurde. Nur der Eingang mit der dadr\u00fcber liegende Tarasse mit Gel\u00e4nder sind Orginal erhalten.<\/p>\n<\/div><\/div>\n<\/div>\n  \n","protected":false},"excerpt":{"rendered":"<p>GESCHICHTE<\/p>\n","protected":false},"author":1,"featured_media":0,"parent":0,"menu_order":0,"comment_status":"closed","ping_status":"closed","template":"page-boxed-header.php","meta":[],"_links":{"self":[{"href":"https:\/\/bychowo.pl\/de\/wp-json\/wp\/v2\/pages\/351"}],"collection":[{"href":"https:\/\/bychowo.pl\/de\/wp-json\/wp\/v2\/pages"}],"about":[{"href":"https:\/\/bychowo.pl\/de\/wp-json\/wp\/v2\/types\/page"}],"author":[{"embeddable":true,"href":"https:\/\/bychowo.pl\/de\/wp-json\/wp\/v2\/users\/1"}],"replies":[{"embeddable":true,"href":"https:\/\/bychowo.pl\/de\/wp-json\/wp\/v2\/comments?post=351"}],"version-history":[{"count":2,"href":"https:\/\/bychowo.pl\/de\/wp-json\/wp\/v2\/pages\/351\/revisions"}],"predecessor-version":[{"id":468,"href":"https:\/\/bychowo.pl\/de\/wp-json\/wp\/v2\/pages\/351\/revisions\/468"}],"wp:attachment":[{"href":"https:\/\/bychowo.pl\/de\/wp-json\/wp\/v2\/media?parent=351"}],"curies":[{"name":"wp","href":"https:\/\/api.w.org\/{rel}","templated":true}]}}