{"id":337,"date":"2016-05-27T15:13:29","date_gmt":"2016-05-27T13:13:29","guid":{"rendered":"http:\/\/bychowo.com.pl\/?page_id=337&#038;lang=de"},"modified":"2016-06-25T06:04:23","modified_gmt":"2016-06-25T04:04:23","slug":"landhaus","status":"publish","type":"page","link":"https:\/\/bychowo.pl\/de\/landhaus\/","title":{"rendered":"Landhaus"},"content":{"rendered":"<div class=\"ux-img-container \"><img src=\"https:\/\/bychowo.pl\/wp-content\/uploads\/2016\/05\/header1a-1600x550.jpg\" alt=\"\" title=\"\" style=\"bottom:-0px\"\/><\/div>\n<h1 class=\"tytul\">Landhaus Bychowo<\/h1>\n<div style=\"display:block;height:30px\" class=\"clearfix\"><\/div>\n\t<div  class=\"row container rzadek\">\n<div class=\"small-12    large-12  columns   \"  ><div class=\"column-inner\"  >\n<h3 class=\"thin-font uppercase\" style=\"text-align: center;\">Such Ihr Platz f\u00fcr Eure Ferien, Urlaub, Kurzurlaub, wie w\u00e4re es in unserem Gutshaus Bychowo.<\/h3>\n<div class=\"mydivider\"><span style=\"color: #e14d43;\">\u00a0<\/span><\/div>\n<p style=\"text-align: left;\">Wir bitten zwei-, drei,- und viere Personen Zimmer. Unseren G\u00e4sten bitten wir eine kostenlose Parkm\u00f6glichkeit auf Hotel eigenem  Parkplatz. Unseren kleinen  G\u00e4sten bitten wir als Attraktion ein Mini Zoo.<\/p>\n<p style=\"text-align: left;\">Das Landhaus &#8220;Dw\u00f3r w Bychowie&#8221; befindwt sich in Bychowo, umgeben von einer 5,5 Hektar Parkanlage, in ehemaligen West Preussen, in der unmittelbaren N\u00e4he von einem gro\u00dfen S\u00fc\u00dfwassersee Zarnowiec. In 10 Minuten Autofahrt ereichen Sie die Ostseek\u00fcste mit ihren sch\u00f6nen Badestr\u00e4nden.<\/p>\n<p style=\"text-align: left;\">Eine Stunde Autofahrt bringt Sie im die alte Hansastadt Gdansk (Danzig).<\/p>\n<p style=\"text-align: left;\">In unserem Angebot befinden sich Einzel-, Doppel- und Mehrbettzimmer mit Bad, ausgestattet mit TV, internetanschluss.<\/p>\n<p style=\"text-align: left;\">Wir bieten an: Billard, Fahrradeausleihung, Ausfl\u00fcge (\u0141eba, Dreistadt Gdynia Sopot Gdansk, Halbinsel Hela), Zusatztatraktion fur Kinder mini Zoo, Pferdestall, In dem Nachbarort Gniewino eine Schwimmhalle<\/p>\n<p style=\"text-align: left;\">Die ruhige des Hauses und ein erfahrenes Serviceteam garantieren ihnen eine erholsame und unvergessliche Zeit.<\/p>\n<\/div><\/div>\n<\/div>\n  \n","protected":false},"excerpt":{"rendered":"<p>Landhaus Bychowo<\/p>\n","protected":false},"author":1,"featured_media":0,"parent":0,"menu_order":0,"comment_status":"closed","ping_status":"closed","template":"page-boxed-header.php","meta":[],"_links":{"self":[{"href":"https:\/\/bychowo.pl\/de\/wp-json\/wp\/v2\/pages\/337"}],"collection":[{"href":"https:\/\/bychowo.pl\/de\/wp-json\/wp\/v2\/pages"}],"about":[{"href":"https:\/\/bychowo.pl\/de\/wp-json\/wp\/v2\/types\/page"}],"author":[{"embeddable":true,"href":"https:\/\/bychowo.pl\/de\/wp-json\/wp\/v2\/users\/1"}],"replies":[{"embeddable":true,"href":"https:\/\/bychowo.pl\/de\/wp-json\/wp\/v2\/comments?post=337"}],"version-history":[{"count":4,"href":"https:\/\/bychowo.pl\/de\/wp-json\/wp\/v2\/pages\/337\/revisions"}],"predecessor-version":[{"id":471,"href":"https:\/\/bychowo.pl\/de\/wp-json\/wp\/v2\/pages\/337\/revisions\/471"}],"wp:attachment":[{"href":"https:\/\/bychowo.pl\/de\/wp-json\/wp\/v2\/media?parent=337"}],"curies":[{"name":"wp","href":"https:\/\/api.w.org\/{rel}","templated":true}]}}